{"id":477,"date":"2026-03-11T16:02:25","date_gmt":"2026-03-11T16:02:25","guid":{"rendered":"https:\/\/thirsty-gagarin.5-250-190-77.plesk.page\/?page_id=477"},"modified":"2026-03-11T16:02:27","modified_gmt":"2026-03-11T16:02:27","slug":"condicions-generals","status":"publish","type":"page","link":"https:\/\/visitando.es\/va\/condiciones-generales\/","title":{"rendered":"Condicions generals"},"content":{"rendered":"<p><strong>1.- OBJETO.<\/strong><\/p>\n\n\n\n<p>Las presentes condiciones generales de uso (en adelante CGU), regulan el acceso y el uso del Website bajo el dominio http:\/\/www.visitando.es (en adelante Website), titularidad de \u201c<strong>PROYECTOS Y APLICACIONES TURISTICAS, S.L.N.E<\/strong>\u201d (en adelante&nbsp;<strong>GRUPO MELIC<\/strong>), puesto a disposici\u00f3n de los usuarios (en adelante&nbsp;<strong>Usuario\/s<\/strong>).<\/p>\n\n\n\n<p>Ante cualquier duda o consulta relacionada con la utilizaci\u00f3n y acceso al Website o de las presentes CGU, puede contactar con nosotros a trav\u00e9s de los datos de contacto publicados en el Aviso Legal.<\/p>\n\n\n\n<p><strong>2.- CONFORMIDAD CON LAS PRESENTES CONDICIONES GENERALES.<\/strong><\/p>\n\n\n\n<p><em><u>La utilizaci\u00f3n del Website supone la aceptaci\u00f3n plena por el&nbsp;<strong>Usuario<\/strong>&nbsp;de las CGU vigentes en cada momento en que el&nbsp;<strong>Usuario<\/strong>&nbsp;acceda al mismo. Por lo que \u00e9ste si no est\u00e1 de acuerdo con cualquiera de las condiciones aqu\u00ed establecidas deber\u00e1 abstenerse de usar este Website.<\/u><\/em><\/p>\n\n\n\n<p>En consecuencia, el Usuario debe leer con atenci\u00f3n las CGU cada vez que se proponga utilizar el Website.<\/p>\n\n\n\n<p>En todo caso,&nbsp;<strong>GRUPO MELIC&nbsp;<\/strong>se reserva el derecho de modificar, sin previo aviso y en cualquier momento las CGU. Asimismo,&nbsp;<strong>GRUPO MELIC&nbsp;<\/strong>se reserva el derecho de suspender, interrumpir o dejar de operar el Website en cualquier momento.<\/p>\n\n\n\n<p>Por&nbsp;<strong>\u201cutilizaci\u00f3n del Website\u201d<\/strong>, se entiende a todo&nbsp;<strong>Usuario<\/strong>&nbsp;que acceda y navegue por el Website independientemente de que cumplimente los formularios de registro.<\/p>\n\n\n\n<p><strong>3.- CONDICIONES DE ACCESO Y USO DEL WEBSITE Y DE SUS CONTENIDOS.<\/strong><\/p>\n\n\n\n<p>El acceso al Website y\/o a los Contenidos incluidos en el mismo no implica ning\u00fan tipo de garant\u00eda respecto a la idoneidad del Website y\/o de los Contenidos incluidos en el mismo para fines particulares o espec\u00edficos de los Usuarios.<\/p>\n\n\n\n<p><strong>GRUPO MELIC<\/strong>&nbsp;podr\u00e1 establecer limitaciones y\/o condiciones adicionales para el uso y\/o acceso al Website y\/o a los Contenidos, las cuales deber\u00e1n ser observadas por los Usuarios en todo caso.<\/p>\n\n\n\n<p><strong>3.1- Acceso y Uso del Website.<\/strong><\/p>\n\n\n\n<p>Salvo que se disponga otra cosa, el uso del Website tendr\u00e1 car\u00e1cter gratuito, sin perjuicio del coste de conexi\u00f3n a trav\u00e9s de la correspondiente red de telecomunicaciones que tenga contratada el&nbsp;<strong>Usuario<\/strong>.<\/p>\n\n\n\n<p>El&nbsp;<strong>Usuario<\/strong>&nbsp;reconoce ser mayor de dieciocho a\u00f1os, asimismo es consciente y acepta voluntaria y expresamente que el uso del Website se realiza en todo caso bajo su \u00fanica y exclusiva responsabilidad.<\/p>\n\n\n\n<p>El Usuario se obliga al cumplimiento de las CGU, as\u00ed como a cumplir las especiales advertencias o instrucciones contenidas en el Website y a obrar siempre conforme a la ley, a las buenas costumbres y a las exigencias de la buena fe, empleando su m\u00e1xima en atenci\u00f3n teniendo en cuenta la naturaleza y contraprestaci\u00f3n del servicio del que disfruta. A tal efecto, se abstendr\u00e1 de utilizar el Website de cualquier forma que pueda impedir, da\u00f1ar o deteriorar el normal funcionamiento del mismo, los bienes o derechos de&nbsp;<strong>GRUPO MELIC<\/strong>, sus proveedores, sus distribuidores, el resto de Usuarios o en general de cualquier tercero.<\/p>\n\n\n\n<p>Concretamente y sin que ello implique restricci\u00f3n alguna a la obligaci\u00f3n asumida por el&nbsp;<strong>Usuario<\/strong>&nbsp;con car\u00e1cter general de conformidad con el apartado anterior, el&nbsp;<strong>Usuario<\/strong>&nbsp;se obliga en la utilizaci\u00f3n del Website:<\/p>\n\n\n\n<p>a) A no introducir, almacenar o difundir en o desde el Website, cualquier informaci\u00f3n o material que sea difamatorio, injurioso, obsceno, amenazador, xen\u00f3fobo, pornogr\u00e1fico, de apolog\u00eda al terrorismo, incite a la violencia, a la discriminaci\u00f3n por raz\u00f3n de raza, sexo, ideolog\u00eda, religi\u00f3n o que de cualquier forma atente contra la forma, el orden p\u00fablico, los derechos fundamentales, las libertades p\u00fablicas, el honor, la intimidad o la imagen de terceros y en general la normativa vigente.<\/p>\n\n\n\n<p>b) A no introducir, almacenar o difundir mediante el Website ning\u00fan programa de ordenador, datos, virus, c\u00f3digo, o cualquier otro instrumento o dispositivo electr\u00f3nico o f\u00edsico que sea susceptible de causar da\u00f1os en el Website, en cualquiera de los servicios, o en cualquiera de los equipos, sistemas o redes de&nbsp;<strong>GRUPO MELIC<\/strong>, de cualquier Usuario, de los Proveedores o Distribuidores de&nbsp;<strong>GRUPO MELIC<\/strong>&nbsp;o en general de cualquier tercero, capaz de causar cualquier tipo de alteraci\u00f3n o impedir el normal funcionamiento de los mismos.<\/p>\n\n\n\n<p>c) A no introducir, almacenar o difundir mediante el Website cualquier contenido que infrinja las normas de propiedad intelectual, industrial o derechos de terceros, ni en general ning\u00fan contenido del cual no ostentara, de conformidad con la ley, el derecho a ponerlo a disposici\u00f3n de terceros.<\/p>\n\n\n\n<p><strong>3.2- Acceso y Uso de los Contenidos.<\/strong><\/p>\n\n\n\n<p>Los Contenidos del Website son puestos a disposici\u00f3n del&nbsp;<strong>Usuario<\/strong>&nbsp;con informaci\u00f3n procedente tanto de fuentes propias como de terceros.<\/p>\n\n\n\n<p><strong>GRUPO MELIC<\/strong>&nbsp;procura que los Contenidos sean de la mayor calidad posible y est\u00e9n razonablemente actualizados, pero no garantiza la utilidad, exactitud, exhaustividad, pertinencia y\/o actualidad de los Contenidos.<\/p>\n\n\n\n<p><strong>4.- DERECHOS DE PROPIEDAD INTELECTUAL E INDUSTRIAL.<\/strong><\/p>\n\n\n\n<p>Mediante estas CGU no se cede ning\u00fan derecho de propiedad intelectual o industrial sobre el Website ni sobre ninguno de sus elementos integrantes, quedando expresamente prohibidos al&nbsp;<strong>Usuario<\/strong>&nbsp;la reproducci\u00f3n, transformaci\u00f3n, distribuci\u00f3n, comunicaci\u00f3n p\u00fablica, puesta a disposici\u00f3n, extracci\u00f3n, reutilizaci\u00f3n, reenv\u00edo o la utilizaci\u00f3n de cualquier naturaleza, por cualquier medio o procedimiento, de cualquiera de ellos, salvo en los casos en que est\u00e9 legalmente permitido o sea autorizado por el titular de los correspondientes derechos.<\/p>\n\n\n\n<p>El&nbsp;<strong>Usuario<\/strong>&nbsp;podr\u00e1 visualizar y obtener una copia privada temporal de los Contenidos para su exclusivo uso personal y privado en sus sistemas inform\u00e1ticos (software y hardware), siempre que no sea con la finalidad de desarrollar actividades de car\u00e1cter comercial o profesional. El&nbsp;<strong>Usuario<\/strong>&nbsp;deber\u00e1 abstenerse de obtener, o intentar obtener, los Contenidos por medios o procedimientos distintos de los que en cada caso se hayan puesto a su disposici\u00f3n o indicado al efecto o de los que se utilicen habitualmente en Internet (siempre que estos \u00faltimos no entra\u00f1en un riesgo de da\u00f1o o inutilizaci\u00f3n del Website). El&nbsp;<strong>Usuario<\/strong>&nbsp;deber\u00e1 respetar en todo momento todos los derechos de propiedad intelectual e industrial sobre el Website, de titularidad de&nbsp;<strong>GRUPO MELIC<\/strong>&nbsp;o de terceros.<\/p>\n\n\n\n<p><strong>5.- EXCLUSI\u00d3N DE GARANT\u00cdAS Y RESPONSABILIDAD.<\/strong><\/p>\n\n\n\n<p><strong>5.1.- Exclusi\u00f3n de Garant\u00edas y Responsabilidad por el Funcionamiento del Website.<\/strong><\/p>\n\n\n\n<p><strong>GRUPO MELIC<\/strong>&nbsp;no garantiza la disponibilidad y continuidad del funcionamiento del Website y de los servicios o Contenidos ofrecidos en el mismo, ni que el contenido existente en su Website se encuentre actualizado, quedando exonerado de toda responsabilidad por los da\u00f1os y perjuicios de cualquier naturaleza que puedan originarse por tales circunstancias.<\/p>\n\n\n\n<p><strong>GRUPO MELIC<\/strong>&nbsp;llevar\u00e1 a cabo, siempre que no concurran circunstancias que lo hagan imposible o de dif\u00edcil ejecuci\u00f3n y tan pronto tenga noticias de los errores, desconexiones y\/o falta de actualizaci\u00f3n de los contenidos, todas aquellas labores tendentes a subsanar los errores, restablecer la comunicaci\u00f3n y\/o actualizar los referidos contenidos.<\/p>\n\n\n\n<p>Asimismo,&nbsp;<strong>GRUPO MELIC<\/strong>&nbsp;no garantiza ni la fiabilidad t\u00e9cnica de su Website, ni el acceso a sus distintas p\u00e1ginas, quedando de la misma forma exonerado de toda responsabilidad por los da\u00f1os y perjuicios de cualquier naturaleza que puedan originarse por esta causa.<\/p>\n\n\n\n<p>Adem\u00e1s,&nbsp;<strong>GRUPO MELIC<\/strong>&nbsp;no se hace responsable de los posibles errores o deficiencias de seguridad que pudieran producirse por la utilizaci\u00f3n por parte del&nbsp;<strong>Usuario<\/strong>&nbsp;de un navegador de una versi\u00f3n no actualizada o insegura en el navegador o de los da\u00f1os, errores o inexactitudes que pudieran derivarse del mal funcionamiento del mismo.<\/p>\n\n\n\n<p>Con el fin de disminuir el riesgo de introducci\u00f3n de virus en el Website, utiliza programas de detecci\u00f3n de virus para controlar todos los Contenidos que introduce en el Website. No obstante,&nbsp;<strong>GRUPO MELIC<\/strong>&nbsp;no garantiza la ausencia de virus, ni de otros elementos en el Website introducidos por terceros ajenos a&nbsp;<strong>GRUPO MELIC<\/strong>&nbsp;que puedan producir alteraciones en los sistemas f\u00edsicos o l\u00f3gicos de los usuarios o en los documentos electr\u00f3nicos y ficheros almacenados en sus sistemas. En consecuencia,&nbsp;<strong>GRUPO MELIC<\/strong>&nbsp;no ser\u00e1 en ning\u00fan caso responsable de cualesquiera da\u00f1os y perjuicios de toda naturaleza que pudieran derivarse de la presencia de virus u otros elementos que puedan producir alteraciones en los sistemas f\u00edsicos o l\u00f3gicos, documentos electr\u00f3nicos o ficheros de los&nbsp;<strong>Usuarios<\/strong>.<\/p>\n\n\n\n<p><strong>GRUPO MELIC<\/strong>&nbsp;adopta diversas medidas de protecci\u00f3n para proteger el Website, los datos recabados y los Contenidos contra ataques inform\u00e1ticos de terceros. No obstante,&nbsp;<strong>GRUPO MELIC<\/strong>&nbsp;no garantiza que terceros no autorizados puedan tener acceso al tipo de uso o navegaci\u00f3n del Website que hace el&nbsp;<strong>Usuario<\/strong>&nbsp;o las condiciones, caracter\u00edsticas y circunstancias en las cuales se efect\u00faa. En consecuencia,&nbsp;<strong>GRUPO MELIC<\/strong>&nbsp;no ser\u00e1 en ning\u00fan caso responsable de los da\u00f1os y perjuicios que pudieran derivarse de dicho acceso no autorizado.<\/p>\n\n\n\n<p><strong>GRUPO MELIC<\/strong>&nbsp;no se har\u00e1 responsable en ning\u00fan caso del uso que los usuarios y\/o terceros pudieran hacer del Website o los Contenidos, ni de los da\u00f1os y perjuicios que pudieran derivarse del mismo.<\/p>\n\n\n\n<p><strong>5.2.- Exclusi\u00f3n de Garant\u00edas y de Responsabilidad por los Contenidos.<\/strong><\/p>\n\n\n\n<p><strong>GRUPO MELIC<\/strong>&nbsp;no edita los Contenidos de terceros publicados en el Website y, en consecuencia, no garantiza ni se hace responsable de la licitud, fiabilidad, utilidad, veracidad, exactitud, exhaustividad y actualidad de dichos Contenidos, as\u00ed como tampoco de los Contenidos titularidad de&nbsp;<strong>GRUPO MELIC<\/strong>.&nbsp;<strong>GRUPO MELIC<\/strong>&nbsp;no ser\u00e1 en ning\u00fan caso responsable de cualesquiera da\u00f1os y perjuicios que pudieran derivarse de: (i) la falta de licitud, veracidad, exactitud, exhaustividad y\/o actualidad de los Contenidos originados por terceros y suyos propios; (ii) la inadecuaci\u00f3n para cualquier prop\u00f3sito y la defraudaci\u00f3n de las expectativas generadas por los Contenidos; (iii) decisiones o acciones tomadas o evitadas por parte del usuario confiando en la informaci\u00f3n o datos facilitados o proporcionados en los Contenidos, incluyendo sin limitaci\u00f3n la p\u00e9rdida de beneficios u oportunidades empresariales.<\/p>\n\n\n\n<p><strong>6.- HIPERENLACES.<\/strong><\/p>\n\n\n\n<p>Aquellas personas que se propongan establecer hiperenlaces entre su p\u00e1gina Web y el Website deber\u00e1n observar y cumplir las condiciones siguientes:<\/p>\n\n\n\n<p>i) No ser\u00e1 necesaria autorizaci\u00f3n previa cuando el Hiperenlace permita \u00fanicamente el acceso a la p\u00e1gina de inicio del Website, pero no podr\u00e1 reproducirla de ninguna forma. Cualquier otra forma de Hiperenlace requerir\u00e1 la autorizaci\u00f3n expresa e inequ\u00edvoca por escrito por parte de&nbsp;<strong>GRUPO MELIC<\/strong>.<\/p>\n\n\n\n<p>ii) La p\u00e1gina Web en la que se establezca el Hiperenlace solo podr\u00e1 contener lo estrictamente necesario para identificar el destino del Hiperenlace.<\/p>\n\n\n\n<p>iii) La p\u00e1gina Web en la que se establezca el Hiperenlace no contendr\u00e1 informaciones o contenidos il\u00edcitos, contrarios a la moral y a las buenas costumbres generalmente aceptadas y al orden p\u00fablico, as\u00ed como tampoco contendr\u00e1 contenidos contrarios a cualesquiera derechos de terceros.<\/p>\n\n\n\n<p>iv)&nbsp;<strong>GRUPO MELIC<\/strong>&nbsp;se reserva el derecho a bloquear los Hiperenlaces dirigidos al Website que no cuenten con autorizaci\u00f3n expresa con car\u00e1cter previo aun cumpliendo con lo preceptuado en este punto de las Condiciones Generales.<\/p>\n\n\n\n<p><strong>7.- ACCIONES EN CASO DE INCUMPLIMIENTO.<\/strong><\/p>\n\n\n\n<p><strong>GRUPO MELIC<\/strong>&nbsp;se reserva el derecho a ejercer cuantas acciones est\u00e9n disponibles en derecho para exigir las responsabilidades que se deriven del incumplimiento de cualquiera de las disposiciones de estas Condiciones Generales del Website por parte de un usuario.<\/p>\n\n\n\n<p><strong>8.- NULIDAD PARCIAL.<\/strong><\/p>\n\n\n\n<p>La declaraci\u00f3n de cualquiera de las cl\u00e1usulas contenidas en estas Condiciones Generales como nula, inv\u00e1lida o ineficaz no afectar\u00e1 a la validez o eficacia de las restantes, que seguir\u00e1n siendo vinculantes entre las partes.<\/p>\n\n\n\n<p><strong>9.- LEY APLICABLE Y JURISDICCI\u00d3N.<\/strong><\/p>\n\n\n\n<p>Las presentes CGU se regir\u00e1n por lo dispuesto en la legislaci\u00f3n espa\u00f1ola.<\/p>\n\n\n\n<p>Cualquier controversia relativa a las condiciones de uso y acceso a este Website contenidas en el presente documento de CGU del Website, las partes se someten, renunciando expresamente a cualquier otro fuero que pudiera corresponderles, salvo que por imperativo legal se determine lo contrario, a los Juzgados de Denia.<\/p>\n\n\n\n<p><strong>10.- NOTIFICACIONES.&nbsp;<\/strong><\/p>\n\n\n\n<p>A los efectos de practicar las oportunas notificaciones,&nbsp;<strong>GRUPO MELIC<\/strong>&nbsp;designa como domicilio de contacto el especificado en el Aviso Legal.<\/p>\n\n\n\n<p>El correo electr\u00f3nico facilitado por el&nbsp;<strong>Usuario<\/strong>&nbsp;durante el proceso de registro en el Website, ser\u00e1 el utilizado por&nbsp;<strong>GRUPO MELIC<\/strong>&nbsp;a efectos de practicar notificaciones al Usuario.<\/p>\n\n\n\n<p>El&nbsp;<strong>Usuario<\/strong>&nbsp;est\u00e1 obligado a mantener debidamente actualizados los datos que a efectos de notificaciones se referencian en la presente cl\u00e1usula.<\/p>\n\n\n\n<p>Todas las Notificaciones que efect\u00fae&nbsp;<strong>GRUPO MELIC<\/strong>&nbsp;al&nbsp;<strong>Usuario<\/strong>&nbsp;se considerar\u00e1n v\u00e1lidamente efectuadas si se han realizado empleando los datos y a trav\u00e9s de los medios anteriormente se\u00f1alados.&nbsp;<strong>GRUPO MELIC<\/strong>&nbsp;no se responsabiliza de cualquier perjuicio que pudiere producirse por la vulneraci\u00f3n del&nbsp;<strong>Usuario<\/strong>&nbsp;de su obligaci\u00f3n de mantenimiento actualizado de sus datos de contacto.<\/p>","protected":false},"excerpt":{"rendered":"<p>1.- OBJETO. Las presentes condiciones generales de uso (en adelante CGU), regulan el acceso y el uso del Website bajo el dominio http:\/\/www.visitando.es (en adelante Website), titularidad de \u201cPROYECTOS Y APLICACIONES TURISTICAS, S.L.N.E\u201d (en adelante&nbsp;GRUPO MELIC), puesto a disposici\u00f3n de los usuarios (en adelante&nbsp;Usuario\/s). Ante cualquier duda o consulta relacionada con la utilizaci\u00f3n y acceso [&hellip;]<\/p>\n","protected":false},"author":1,"featured_media":0,"parent":0,"menu_order":0,"comment_status":"closed","ping_status":"closed","template":"","meta":{"footnotes":""},"class_list":["post-477","page","type-page","status-publish","hentry"],"_links":{"self":[{"href":"https:\/\/visitando.es\/va\/wp-json\/wp\/v2\/pages\/477","targetHints":{"allow":["GET"]}}],"collection":[{"href":"https:\/\/visitando.es\/va\/wp-json\/wp\/v2\/pages"}],"about":[{"href":"https:\/\/visitando.es\/va\/wp-json\/wp\/v2\/types\/page"}],"author":[{"embeddable":true,"href":"https:\/\/visitando.es\/va\/wp-json\/wp\/v2\/users\/1"}],"replies":[{"embeddable":true,"href":"https:\/\/visitando.es\/va\/wp-json\/wp\/v2\/comments?post=477"}],"version-history":[{"count":1,"href":"https:\/\/visitando.es\/va\/wp-json\/wp\/v2\/pages\/477\/revisions"}],"predecessor-version":[{"id":478,"href":"https:\/\/visitando.es\/va\/wp-json\/wp\/v2\/pages\/477\/revisions\/478"}],"wp:attachment":[{"href":"https:\/\/visitando.es\/va\/wp-json\/wp\/v2\/media?parent=477"}],"curies":[{"name":"wp","href":"https:\/\/api.w.org\/{rel}","templated":true}]}}