{"id":475,"date":"2026-03-11T16:01:49","date_gmt":"2026-03-11T16:01:49","guid":{"rendered":"https:\/\/thirsty-gagarin.5-250-190-77.plesk.page\/?page_id=475"},"modified":"2026-03-11T16:01:50","modified_gmt":"2026-03-11T16:01:50","slug":"mentions-legales","status":"publish","type":"page","link":"https:\/\/visitando.es\/fr\/aviso-legal\/","title":{"rendered":"Mentions l\u00e9gales"},"content":{"rendered":"<p>Conform\u00e9ment \u00e0 l'art. 10 de la loi 34\/2002 du 11 juillet relative aux services de la soci\u00e9t\u00e9 de l'information et du commerce \u00e9lectronique, nous vous informons que le responsable de ce site Web est\u00a0:<\/p>\n\n\n\n<p><strong>IDENTIT\u00c9\u00a0:<\/strong>&nbsp;PROJETS ET APPLICATIONS TOURISTIQUES, S.L.N.E.<\/p>\n\n\n\n<p><strong>C.I.F \/ N.I.F. :<\/strong>&nbsp;B-54416060<\/p>\n\n\n\n<p><strong>ADRESSE\u00a0:<\/strong>&nbsp;C\/ Marqu\u00e9s de Campo, 19 \u2013 2\u00ba, 03700 Denia (Alicante)<\/p>\n\n\n\n<p><strong>T\u00c9L\u00c9PHONE\u00a0:<\/strong>&nbsp;667 427 005<\/p>\n\n\n\n<p><strong>COURRIEL\u00a0:<\/strong>&nbsp;<a href=\"mailto:luis@grupomelic.es\">luis@grupomelic.es<\/a>&nbsp;<\/p>\n\n\n\n<p><strong>DONN\u00c9ES D'INSCRIPTION\u00a0:<\/strong>&nbsp;Registre du Commerce de la province d'ALICANTE, Volume 3371, Folio 148, Section 9\u00e8me Feuille A-116807 I\/A 1<\/p>","protected":false},"excerpt":{"rendered":"<p>En cumplimiento del art. 10 de Ley 34\/2002, de 11 de julio, de servicios de la sociedad de la informaci\u00f3n y de comercio electr\u00f3nico, le informamos que el responsable de este sitio web es: IDENTIDAD:&nbsp;PROYECTOS Y APLICACIONES TURISTICAS, S.L.N.E. C.I.F \/ N.I.F.:&nbsp;B-54416060 DOMICILIO:&nbsp;C\/ Marqu\u00e9s de Campo, 19 \u2013 2\u00ba, 03700 Denia (Alicante) TEL\u00c9FONO:&nbsp;667 427 005 [&hellip;]<\/p>\n","protected":false},"author":1,"featured_media":0,"parent":0,"menu_order":0,"comment_status":"closed","ping_status":"closed","template":"","meta":{"footnotes":""},"class_list":["post-475","page","type-page","status-publish","hentry"],"_links":{"self":[{"href":"https:\/\/visitando.es\/fr\/wp-json\/wp\/v2\/pages\/475","targetHints":{"allow":["GET"]}}],"collection":[{"href":"https:\/\/visitando.es\/fr\/wp-json\/wp\/v2\/pages"}],"about":[{"href":"https:\/\/visitando.es\/fr\/wp-json\/wp\/v2\/types\/page"}],"author":[{"embeddable":true,"href":"https:\/\/visitando.es\/fr\/wp-json\/wp\/v2\/users\/1"}],"replies":[{"embeddable":true,"href":"https:\/\/visitando.es\/fr\/wp-json\/wp\/v2\/comments?post=475"}],"version-history":[{"count":1,"href":"https:\/\/visitando.es\/fr\/wp-json\/wp\/v2\/pages\/475\/revisions"}],"predecessor-version":[{"id":476,"href":"https:\/\/visitando.es\/fr\/wp-json\/wp\/v2\/pages\/475\/revisions\/476"}],"wp:attachment":[{"href":"https:\/\/visitando.es\/fr\/wp-json\/wp\/v2\/media?parent=475"}],"curies":[{"name":"wp","href":"https:\/\/api.w.org\/{rel}","templated":true}]}}